{"id":78,"date":"2021-04-21T22:06:47","date_gmt":"2021-04-21T20:06:47","guid":{"rendered":"https:\/\/wp.gruene-florstadt.de\/?page_id=78"},"modified":"2026-02-16T16:28:29","modified_gmt":"2026-02-16T15:28:29","slug":"datenschutzerklaerung-2","status":"publish","type":"page","link":"https:\/\/gruene-florstadt.de\/?page_id=78","title":{"rendered":"Datenschutzerkl\u00e4rung"},"content":{"rendered":"\n<p>Die nachfolgende Datenschutzerkl\u00e4rung gilt f\u00fcr die Nutzung der Website <a href=\"https:\/\/www.gruene-florstadt.de\/\" target=\"_blank\" rel=\"noreferrer noopener\">https:\/\/www.gruene-florstadt.de\/<\/a> (nachfolgend \u201eWebsite\u201c).<\/p>\n\n\n\n<p>Die Betreiber*innen dieser Website nehmen den Schutz Ihrer pers\u00f6nlichen Daten sehr ernst. Wir behandeln Ihre personenbezogenen Daten vertraulich und entsprechend der gesetzlichen Datenschutzvorschriften, insbesondere der EU &#8211; Datenschutzgrundverordnung (DSGVO) und des Telemediengesetzes (TMG) sowie dieser Datenschutzerkl\u00e4rung.<\/p>\n\n\n\n<p>Die Nutzung unserer Website ist in der Regel ohne Angabe personenbezogener Daten m\u00f6glich. Soweit auf unseren Seiten personenbezogene Bestands- oder Kontaktdaten (beispielsweise Name, Anschrift oder E-Mail-Adressen) erhoben werden, erfolgt dies, soweit m\u00f6glich, stets auf freiwilliger Basis. Diese Daten werden nur zum angegebenen Zweck verwendet und ohne Ihre ausdr\u00fcckliche Zustimmung weder an Dritte weitergegeben noch mit anderen Daten zusammengef\u00fchrt.<\/p>\n\n\n\n<p>Nach der DSGVO sind \u201ePersonenbezogene Daten\u201c Informationen, die sich entweder auf identifizierte nat\u00fcrliche Personen oder identifizierbare nat\u00fcrliche Personen beziehen. Als \u201eidentifizierbar\u201c gelten Personen auch, wenn ihnen indirekt Merkmale zugeordnet werden k\u00f6nnen, etwa bei Standortdaten, IPs und Cookies.<\/p>\n\n\n\n<h2 class=\"wp-block-heading\"><strong>1. Verantwortlicher<\/strong><\/h2>\n\n\n\n<p>Verantwortlicher im Sinne der Datenschutz-Grundverordnung und anderer nationaler Datenschutzgesetze der Mitgliedsstaaten sowie sonstiger datenschutzrechtlicher Bestimmungen ist die<\/p>\n\n\n\n<p>B\u00dcNDNIS 90\/DIE GR\u00dcNEN Ortsverband Florstadt<br>Fraktionsvorsitzende<br>c\/o Gudrun Neher<br>Feldbergstra\u00dfe 2<br>61197 Florstadt<br>Hessen<\/p>\n\n\n\n<p>Tel.: 06035 7407<br>E-Mail: <a rel=\"noreferrer noopener\" href=\"mailto:info@gruene-florstadt.de\" target=\"_blank\">info@gruene-florstadt.de<\/a><br>Website: <a rel=\"noreferrer noopener\" href=\"https:\/\/wp.gruene-florstadt.de\/\" target=\"_blank\">www.gruene-florstadt.d<\/a><a href=\"https:\/\/wp.gruene-florstadt.de\/\" target=\"_blank\" rel=\"noreferrer noopener\">e<\/a><\/p>\n\n\n\n<p><\/p>\n\n\n\n<p>Sofern Sie der Erhebung, Verarbeitung oder Nutzung Ihrer Daten durch uns nach Ma\u00dfgabe dieser Datenschutzbestimmungen insgesamt oder f\u00fcr einzelne Ma\u00dfnahmen widersprechen wollen, k\u00f6nnen Sie Ihren Widerspruch an oben genannte verantwortliche Stelle richten.<\/p>\n\n\n\n<h2 class=\"wp-block-heading\"><strong>2. Datenverarbeitung allgemein<\/strong><\/h2>\n\n\n\n<p>Arten der verarbeiteten Daten:<\/p>\n\n\n\n<ul class=\"wp-block-list\">\n<li>Nutzungsdaten<\/li>\n\n\n\n<li>Meta- \/ Kommunikationsdaten<\/li>\n<\/ul>\n\n\n\n<p>Zweck der Verarbeitung:<\/p>\n\n\n\n<ul class=\"wp-block-list\">\n<li>Betrieb der Website inkl. Grundfunktionen, erweiterte Funktionen und Inhalte<\/li>\n\n\n\n<li>Kommunikation mit Nutzer*innen <\/li>\n\n\n\n<li>Sicherheit des Systems<\/li>\n\n\n\n<li>Auswertung der Nutzer*innendaten ausschlie\u00dflich f\u00fcr die Optimierung dieser Website<\/li>\n<\/ul>\n\n\n\n<h2 class=\"wp-block-heading\"><strong>3. Rechtsgrundlage &amp; Auftragsverarbeiter<\/strong><\/h2>\n\n\n\n<p>Die Rechtsgrundlage f\u00fcr die Datenverarbeitung ist Art. 6 DSGVO. Sofern wir im Rahmen unserer Verarbeitung Zugriff auf Daten gew\u00e4hren, erfolgt dies nur auf Grundlage einer gesetzlichen Erlaubnis, Sie eingewilligt haben, eine rechtliche Verpflichtung dies vorsieht oder auf Grundlage unserer berechtigten Interessen.<\/p>\n\n\n\n<p>Unser Anliegen im Sinne der DSGVO (berechtigtes Interesse DSGVO Art. 6 Abs. 1f) ist die Verbesserung unseres Webauftritts.<\/p>\n\n\n\n<h2 class=\"wp-block-heading\"><strong>4. Nutzerrechte<\/strong><\/h2>\n\n\n\n<p>Sie haben das Recht nach Art. 15 DSGVO <strong>Auskunft<\/strong> dar\u00fcber zu verlangen, ob Sie betreffende personenbezogene Daten erhoben und verarbeitet wurden. Wir erteilen Ihnen jederzeit unentgeltlich Auskunft \u00fcber Ihre gespeicherten personenbezogenen Daten, deren Herkunft und Empf\u00e4nger und den Zweck der Datenverarbeitung.<\/p>\n\n\n\n<p>Sie haben das Recht nach Art. 16 DSGVO die Vervollst\u00e4ndigung oder <strong>Berichtigung<\/strong> Sie betreffender personenbezogener Daten zu verlangen.<\/p>\n\n\n\n<p>Sie haben das Recht nach Art. 17 DSGVO zu verlangen, dass Sie betreffende Daten <strong>gel\u00f6scht<\/strong> werden. Wir sind dann verpflichtet dem nachzukommen und die Daten unverz\u00fcglich zu l\u00f6schen.<\/p>\n\n\n\n<p>Sie haben das Recht nach Art. 20 DSGVO, dass wir Ihnen Sie betreffende Daten <strong>bereitstellen<\/strong> und in maschinenlesbarer Form in einem g\u00e4ngigen Format zukommen lassen.<\/p>\n\n\n\n<p>Hierzu sowie zu weiteren Fragen zum Thema personenbezogene Daten k\u00f6nnen Sie sich jederzeit an uns wenden.<\/p>\n\n\n\n<h2 class=\"wp-block-heading\"><strong>5. Verwendung von Cookies<\/strong><\/h2>\n\n\n\n<p>Cookies sind kleine Textdateien, die Webserver oder Scripte in Webanwendungen auf Endger\u00e4ten (i.d.R. im Browser) ablegen. Sie k\u00f6nnen unterschiedliche Informationen speichern und helfen dem Server zu erkennen, ob Sie sich gerade auf einer Website befinden (Session) oder diese zuvor schon einmal besucht haben.<\/p>\n\n\n\n<p>Zahlreiche Internetseiten und Server verwenden Cookies. Viele Cookies enthalten eine sogenannte Cookie-ID. Eine Cookie-ID ist eine eindeutige Kennung des Cookies. Sie besteht aus einer Zeichenfolge, durch welche Internetseiten und Server dem konkreten Internetbrowser zugeordnet werden k\u00f6nnen, in dem das Cookie gespeichert wurde. Dies erm\u00f6glicht es den besuchten Internetseiten und Servern, den individuellen Browser der betroffenen Person von anderen Internetbrowsern, die andere Cookies enthalten, zu unterscheiden. Ein bestimmter Internetbrowser kann \u00fcber die eindeutige Cookie-ID wiedererkannt und identifiziert werden.<\/p>\n\n\n\n<p>Durch den Einsatz von Cookies kann die B\u00dcNDNIS 90\/DIE GR\u00dcNEN Ortsverband Florstadt den Nutzer*innen dieser Internetseite nutzerfreundlichere Services bereitstellen, die ohne die Cookie-Setzung nicht m\u00f6glich w\u00e4ren.<\/p>\n\n\n\n<p>Mittels eines Cookies k\u00f6nnen die Informationen und Angebote auf unserer Internetseite im Sinne des*der Benutzers*Benutzerin optimiert werden. Cookies erm\u00f6glichen uns, wie bereits erw\u00e4hnt, die Benutzer unserer Internetseite wiederzuerkennen. Zweck dieser Wiedererkennung ist es, den Nutzer*innen die Verwendung unserer Internetseite zu erleichtern. Der*die Benutzer*in einer Internetseite, die Cookies verwendet, muss beispielsweise nicht bei jedem Besuch der Internetseite erneut seine Zugangsdaten eingeben, weil dies von der Internetseite und dem auf dem Computersystem des Benutzers abgelegten Cookie \u00fcbernommen wird. Ein weiteres Beispiel ist das Cookie eines Warenkorbes im Online-Shop. Der Online-Shop merkt sich die Artikel, die ein Kunde in den virtuellen Warenkorb gelegt hat, \u00fcber ein Cookie.<\/p>\n\n\n\n<p>Die betroffene Person kann die Setzung von Cookies durch unsere Internetseite jederzeit mittels einer entsprechenden Einstellung des genutzten Internetbrowsers verhindern und damit der Setzung von Cookies dauerhaft widersprechen. Ferner k\u00f6nnen bereits gesetzte Cookies jederzeit \u00fcber einen Internetbrowser oder andere Softwareprogramme gel\u00f6scht werden. Dies ist in allen g\u00e4ngigen Internetbrowsern m\u00f6glich. Deaktiviert die betroffene Person die Setzung von Cookies in dem genutzten Internetbrowser, sind unter Umst\u00e4nden nicht alle Funktionen unserer Internetseite vollumf\u00e4nglich nutzbar.<\/p>\n\n\n\n<h2 class=\"wp-block-heading\">6. Links zu anderen Websites<\/h2>\n\n\n\n<p>Sie finden auf unseren Seiten Links zu anderen Seiten im Internet. F\u00fcr alle diese Links und Banner gilt, dass wir keinerlei Einfluss auf die Gestaltung und die Inhalte der gelinkten Seiten haben. Deswegen \u00fcbernehmen wir auch keinerlei Verantwortung f\u00fcr Inhalt, Gestaltung und die Datenschutzbestimmungen dieser Seiten.<\/p>\n\n\n\n<h2 class=\"wp-block-heading\"><strong>7. Anwendungen<\/strong><\/h2>\n\n\n\n<p>Im Folgenden informieren wir \u00fcber Erhebung und Speicherung personenbezogener Daten im Rahmen einzelner Anwendungen dieser Website.<\/p>\n\n\n\n<p><strong>Kontakte mit uns<\/strong><\/p>\n\n\n\n<p>Wenn Sie per E-Mail Kontakt mit uns aufnehmen, werden Ihre angegebenen Daten zwecks Bearbeitung der Anfrage und f\u00fcr den Fall von Anschlussfragen sechs Monate bei uns gespeichert.<\/p>\n\n\n\n<p>Die pers\u00f6nlichen Daten, die Sie uns elektronisch \u00fcbermitteln, werden von uns nur zum jeweils angegebenen Zweck verwendet, sicher verwahrt und nicht an Dritte weitergegeben. <\/p>\n\n\n\n<p>Bei der Speicherung auf dem Webserver werden die IPs anonymisiert (localhost 127.0.0.1) und nach Abschluss des Zweckes redaktionell gel\u00f6scht.<\/p>\n\n\n\n<h2 class=\"wp-block-heading\"><strong>8. Verwendung von Social Plugins (Facebook, <\/strong>Instagram)<\/h2>\n\n\n\n<p>Die Webseite&nbsp;www.gruene-florstadt.de verwendet sogenannte Social Plugins von Facebook und Instagram. Das Plugin ist mit den entsprechenden Logos gekennzeichnet. Wenn Sie dieses Plugin durch Anklicken des jeweiligen Buttons aufrufen, wird eine Verbindung z.B. zu den Facebook-Servern hergestellt. Damit werden Daten an ein au\u00dfereurop\u00e4isches Drittland \u00fcbertragen. Hierdurch wird an den Facebook-Server \u00fcbermittelt, welche unserer Internetseiten Sie besucht haben. Sind Sie dabei als Mitglied bei Facebook eingeloggt, ordnet Facebook diese Information Ihrem pers\u00f6nlichen Facebook-Benutzerkonto zu. Beim Anklicken des \u201eEmpfehlen\u201c-Buttons werden diese Informationen Ihrem Facebook-Konto zugeordnet, was Sie nur durch Ausloggen vor Nutzung des Plugins verhindern k\u00f6nnen. N\u00e4here Informationen zur Erhebung und Nutzung der Daten durch Facebook, \u00fcber Ihre diesbez\u00fcglichen Rechte und M\u00f6glichkeiten zum Schutz Ihrer Privatsph\u00e4re finden Sie in den Datenschutzhinweisen von Facebook.<\/p>\n\n\n\n<h2 class=\"wp-block-heading\">9. Haftung<\/h2>\n\n\n\n<p>Die Web-Pr\u00e4senz ist Teil des WWW und dementsprechend mit fremden, sich jederzeit wandeln k\u00f6nnenden Web-Sites verkn\u00fcpft, auf deren Inhalte wir keinen Einfluss haben. Deshalb k\u00f6nnen wir f\u00fcr diese fremden Inhalte auch keine Gew\u00e4hr \u00fcbernehmen. F\u00fcr die Inhalte der verlinkten Seiten ist stets der jeweilige Anbieter oder Betreiber der Seiten&nbsp;verantwortlich. Die verlinkten Seiten wurden zum Zeitpunkt der Verlinkung auf m\u00f6gliche Rechtsverst\u00f6\u00dfe \u00fcberpr\u00fcft. Rechtswidrige Inhalte waren nicht erkennbar. Eine permanente inhaltliche Kontrolle der verlinkten Seiten ist jedoch ohne konkrete Anhaltspunkte einer Rechtsverletzung nicht zumutbar. Bei bekannt werden von Rechtsverletzungen werden wir derartige Links umgehend entfernen.<\/p>\n\n\n\n<p>Die Inhalte dieses Webprojektes wurden sorgf\u00e4ltig gepr\u00fcft und nach bestem Wissen erstellt. Der Anbieter \u00fcbernimmt&nbsp;keine Haftung f\u00fcr die Richtigkeit, Vollst\u00e4ndigkeit und Aktualit\u00e4t der bereit gestellten Informationen. Namentlich gekennzeichnete Beitr\u00e4ge geben die Meinung des jeweiligen Autors bzw. der Autorin&nbsp;wider.<\/p>\n\n\n\n<h2 class=\"wp-block-heading\">10. Schutzrechte<\/h2>\n\n\n\n<h4 class=\"wp-block-heading\">Copyright f\u00fcr Bilder, soweit nicht anders vermerkt<\/h4>\n\n\n\n<p>B\u00dcNDNIS 90\/DIE GR\u00dcNEN Ortsverband Florstadt<br>Fraktionsvorsitzende<br>c\/o Gudrun Neher<br>Feldbergstra\u00dfe 2<br>61197 Florstadt<br>Hessen<\/p>\n\n\n\n<h4 class=\"wp-block-heading\">Recht am eigenen Bild<\/h4>\n\n\n\n<p>Das Recht am eigenen Bild ist ein Pers\u00f6nlichkeitsrecht. Jeder Mensch darf grunds\u00e4tzlich selbst dar\u00fcber bestimmen, ob \u00fcberhaupt und in welchem Kontext Bilder von ihm ver\u00f6ffentlicht werden. Einschr\u00e4nkungen gelten allerdings f\u00fcr &#8222;Personen der Zeitgeschichte&#8220;, wie Politiker*innen, Sportler*innen und K\u00fcnstler*innen.<\/p>\n\n\n\n<p>Die Ver\u00f6ffentlichungserlaubnis ist nur dann erforderlich, wenn der Abgebildete individuell erkennbar ist. Auch sind Bilder von Versammlungen, wie Aufm\u00e4rsche, Konzerte, Demonstration und wenn eine Person zuf\u00e4llig auf einer Landschafts- oder Geb\u00e4udeaufnahme erscheint immer erlaubt.<\/p>\n\n\n\n<p>Wer sein Bild auf unserer Homepage findet und dies nicht m\u00f6chte, kann das Bild aber dennoch jederzeit entfernen lassen. Bitte wenden Sie sich an o.g. Adressen.<\/p>\n\n\n\n<h4 class=\"wp-block-heading\">Sonstige Schutzrechte<\/h4>\n\n\n\n<p>Falls Sie vermuten, dass von dieser Website aus eines Ihrer Schutzrechte verletzt wird, teilen Sie das bitte umgehend mit, damit z\u00fcgig Abhilfe geschafft werden kann.<\/p>\n\n\n\n<p>Manche auf dieser Website ver\u00f6ffentlichten Beitr\u00e4ge und Abbildungen sind urheberrechtlich gesch\u00fctzt. Jede vom Urheberrechtsgesetz nicht zugelassene Verwertung bedarf vorheriger schriftlicher Zustimmung.<\/p>\n","protected":false},"excerpt":{"rendered":"<p>Die nachfolgende Datenschutzerkl\u00e4rung gilt f\u00fcr die Nutzung der Website https:\/\/www.gruene-florstadt.de\/ (nachfolgend \u201eWebsite\u201c). Die Betreiber*innen dieser Website nehmen den Schutz Ihrer pers\u00f6nlichen Daten sehr ernst. Wir behandeln Ihre personenbezogenen Daten vertraulich&#8230; <\/p>\n","protected":false},"author":1,"featured_media":0,"parent":0,"menu_order":0,"comment_status":"closed","ping_status":"closed","template":"","meta":{"footnotes":""},"class_list":["post-78","page","type-page","status-publish","hentry"],"_links":{"self":[{"href":"https:\/\/gruene-florstadt.de\/index.php?rest_route=\/wp\/v2\/pages\/78","targetHints":{"allow":["GET"]}}],"collection":[{"href":"https:\/\/gruene-florstadt.de\/index.php?rest_route=\/wp\/v2\/pages"}],"about":[{"href":"https:\/\/gruene-florstadt.de\/index.php?rest_route=\/wp\/v2\/types\/page"}],"author":[{"embeddable":true,"href":"https:\/\/gruene-florstadt.de\/index.php?rest_route=\/wp\/v2\/users\/1"}],"replies":[{"embeddable":true,"href":"https:\/\/gruene-florstadt.de\/index.php?rest_route=%2Fwp%2Fv2%2Fcomments&post=78"}],"version-history":[{"count":5,"href":"https:\/\/gruene-florstadt.de\/index.php?rest_route=\/wp\/v2\/pages\/78\/revisions"}],"predecessor-version":[{"id":1188,"href":"https:\/\/gruene-florstadt.de\/index.php?rest_route=\/wp\/v2\/pages\/78\/revisions\/1188"}],"wp:attachment":[{"href":"https:\/\/gruene-florstadt.de\/index.php?rest_route=%2Fwp%2Fv2%2Fmedia&parent=78"}],"curies":[{"name":"wp","href":"https:\/\/api.w.org\/{rel}","templated":true}]}}