{"id":65,"date":"2021-04-21T21:58:30","date_gmt":"2021-04-21T19:58:30","guid":{"rendered":"https:\/\/wp.gruene-florstadt.de\/?page_id=65"},"modified":"2026-03-01T17:49:43","modified_gmt":"2026-03-01T16:49:43","slug":"ueber-uns","status":"publish","type":"page","link":"https:\/\/gruene-florstadt.de\/?page_id=65","title":{"rendered":"\u00dcber uns"},"content":{"rendered":"\n<h2 class=\"wp-block-heading\"><strong>Florstadt. F\u00fcr Dich. F\u00fcr uns alle. GEMEINSAM GEHT\u00b4S!<\/strong><\/h2>\n\n\n\n<p>Florstadt ist eine l\u00e4ndliche, noch stark landwirtschaftlich gepr\u00e4gte Stadt mit sechs zum Teil sehr d\u00f6rflichen Ortsteilen. Der Siedlungsdruck der Rhein-Main-Region wirkt bis in diesen Teil der Wetterau. Dies hat zu einer Ausweitung von Gewerbegebieten in Autobahnn\u00e4he gef\u00fchrt. Neubaugebiete sind begehrt, f\u00fchren aber auch zu zus\u00e4tzlicher Versiegelung bester B\u00f6den und bedienen meist nur den Markt der gutverdienenden Mittelschicht. Preisg\u00fcnstiger Wohnraum ist auch bei uns, abseits der Metropole, kaum zu finden.<\/p>\n\n\n\n<p>Florstadt braucht eine Vision f\u00fcr die n\u00e4chsten Jahrzehnte. Dazu geh\u00f6ren die Themen<\/p>\n\n\n\n<ul class=\"wp-block-list\">\n<li><strong>Klimaschutz vor Ort:<\/strong><br>Mit klaren Vorgaben f\u00fcr klimafreundliches Bauen und die Bereitstellung regionaler regenerativer Energien (aus Wind und Sonne)<br>Mit minimaler Neuversiegelung, die hochwertige Ackerb\u00f6den verschont<\/li>\n<\/ul>\n\n\n\n<ul class=\"wp-block-list\">\n<li><strong>Klimafreundliche Mobilit\u00e4tskonzepte f\u00fcr den l\u00e4ndlichen Raum:<\/strong><br>Intensive F\u00f6rderung klimafreundlicher Nahmobilit\u00e4t<br>Vorrang f\u00fcr Fu\u00dfg\u00e4nger*innen und Radler*innen<br>Car-Sharing-Konzepte<br>Verkehrsberuhigung in den Durchgangsstra\u00dfen<\/li>\n\n\n\n<li><strong>Sozialer Zusammenhalt:<\/strong><br>Innerhalb der Vereine<br>Mit intensiver Kommunikation zwischen Menschen unterschiedlicher Herkunft, Religion und Interessen, unterschiedlichem Einkommen, unterschiedlichen Bef\u00e4higungen und Einschr\u00e4nkungen<br>Mit einer guten Nahversorgung<br>Mit Kulturangeboten<br>Mit guten Rahmenbedingungen f\u00fcr Familien, Kinder, Jugendliche und Senioren<\/li>\n\n\n\n<li><strong>Schutz der Natur und der Artenvielfalt:<\/strong><br>Mit einem Umbau der W\u00e4lder<br>Mit dem Erhalt und der Pflege von Streuobstwiesen<br>Mit einer naturnahen Gestaltung aller \u00f6ffentlichen Gr\u00fcnfl\u00e4chen<br>Mit guten Biotopvernetzungen zwischen den Ortslagen<\/li>\n<\/ul>\n\n\n\n<p><\/p>\n","protected":false},"excerpt":{"rendered":"<p>Florstadt. F\u00fcr Dich. F\u00fcr uns alle. GEMEINSAM GEHT\u00b4S! Florstadt ist eine l\u00e4ndliche, noch stark landwirtschaftlich gepr\u00e4gte Stadt mit sechs zum Teil sehr d\u00f6rflichen Ortsteilen. Der Siedlungsdruck der Rhein-Main-Region wirkt bis&#8230; <\/p>\n","protected":false},"author":1,"featured_media":1207,"parent":0,"menu_order":0,"comment_status":"closed","ping_status":"closed","template":"","meta":{"footnotes":""},"class_list":["post-65","page","type-page","status-publish","has-post-thumbnail","hentry"],"_links":{"self":[{"href":"https:\/\/gruene-florstadt.de\/index.php?rest_route=\/wp\/v2\/pages\/65","targetHints":{"allow":["GET"]}}],"collection":[{"href":"https:\/\/gruene-florstadt.de\/index.php?rest_route=\/wp\/v2\/pages"}],"about":[{"href":"https:\/\/gruene-florstadt.de\/index.php?rest_route=\/wp\/v2\/types\/page"}],"author":[{"embeddable":true,"href":"https:\/\/gruene-florstadt.de\/index.php?rest_route=\/wp\/v2\/users\/1"}],"replies":[{"embeddable":true,"href":"https:\/\/gruene-florstadt.de\/index.php?rest_route=%2Fwp%2Fv2%2Fcomments&post=65"}],"version-history":[{"count":10,"href":"https:\/\/gruene-florstadt.de\/index.php?rest_route=\/wp\/v2\/pages\/65\/revisions"}],"predecessor-version":[{"id":1248,"href":"https:\/\/gruene-florstadt.de\/index.php?rest_route=\/wp\/v2\/pages\/65\/revisions\/1248"}],"wp:featuredmedia":[{"embeddable":true,"href":"https:\/\/gruene-florstadt.de\/index.php?rest_route=\/wp\/v2\/media\/1207"}],"wp:attachment":[{"href":"https:\/\/gruene-florstadt.de\/index.php?rest_route=%2Fwp%2Fv2%2Fmedia&parent=65"}],"curies":[{"name":"wp","href":"https:\/\/api.w.org\/{rel}","templated":true}]}}