{"id":486,"date":"2021-06-29T23:00:10","date_gmt":"2021-06-29T21:00:10","guid":{"rendered":"https:\/\/wp.gruene-florstadt.de\/?page_id=486"},"modified":"2026-02-01T19:27:30","modified_gmt":"2026-02-01T18:27:30","slug":"ortsbeirat-nieder-und-ober-florstadt","status":"publish","type":"page","link":"https:\/\/gruene-florstadt.de\/?page_id=486","title":{"rendered":"Ortsbeirat Nieder- und Ober-Florstadt"},"content":{"rendered":"<div class=\"wp-block-image\">\n<figure class=\"alignleft size-large\"><img loading=\"lazy\" decoding=\"async\" width=\"800\" height=\"600\" src=\"https:\/\/wp.gruene-florstadt.de\/wp-content\/uploads\/2021\/07\/Nieder-Florstadt.png\" alt=\"\" class=\"wp-image-568\" srcset=\"https:\/\/gruene-florstadt.de\/wp-content\/uploads\/2021\/07\/Nieder-Florstadt.png 800w, https:\/\/gruene-florstadt.de\/wp-content\/uploads\/2021\/07\/Nieder-Florstadt-400x300.png 400w, https:\/\/gruene-florstadt.de\/wp-content\/uploads\/2021\/07\/Nieder-Florstadt-768x576.png 768w, https:\/\/gruene-florstadt.de\/wp-content\/uploads\/2021\/07\/Nieder-Florstadt-150x113.png 150w\" sizes=\"auto, (max-width: 800px) 100vw, 800px\" \/><figcaption class=\"wp-element-caption\">Fachwerkensemble in der Enggasse<\/figcaption><\/figure>\n<\/div>\n\n\n<p>An der Nidda gelegen wurde <strong>Nieder-Florstadt<\/strong> im Jahr 850 erstmals urkundlich erw\u00e4hnt und erhielt 1365 Stadtrechte. Bis 1960 verlegten die \u00fcberregional hoch angesehenen Florst\u00e4dter \u201ePl\u00e4sterer\u201c heimisches Kopfsteinpflaster weit \u00fcber Frankfurt hinaus. Nieder-Florstadt ist mit 3650 Einwohnern der gr\u00f6\u00dfte Ortsteil Florstadts. In Nieder-Florstadt gibt es eine Grundschule, eine Haupt- und Realschule sowie zwei Kinderg\u00e4rten.<\/p>\n\n\n\n<p><strong>Ober-Florstadt<\/strong> wurde urkundlich erstmals 1238 erw\u00e4hnt, hatte vom 14. bis zum 18. Jh. das Marktrecht und war Heimat vieler Schausteller und Federviehh\u00e4ndler. Ober-Florstadt liegt an einem Altarm der Nidda, der heute noch einen Teil des urspr\u00fcnglichen, m\u00e4anderf\u00f6rmigen Flussverlaufs aufweist. Ober-Florstadt hat heute 970 Einwohner.<\/p>\n\n\n\n<div class=\"wp-block-columns is-layout-flex wp-container-core-columns-is-layout-9d6595d7 wp-block-columns-is-layout-flex\">\n<div class=\"wp-block-column is-layout-flow wp-block-column-is-layout-flow\">\n<figure class=\"wp-block-image size-large is-style-rounded\"><img loading=\"lazy\" decoding=\"async\" width=\"800\" height=\"800\" src=\"https:\/\/wp.gruene-florstadt.de\/wp-content\/uploads\/2021\/06\/GRUENE_Florstadt-Conni-Kosch1_2000px-800x800.jpg\" alt=\"Conni Kosch; Nieder-Florstadt; Ortsbeirat\" class=\"wp-image-268\" srcset=\"https:\/\/gruene-florstadt.de\/wp-content\/uploads\/2021\/06\/GRUENE_Florstadt-Conni-Kosch1_2000px-800x800.jpg 800w, https:\/\/gruene-florstadt.de\/wp-content\/uploads\/2021\/06\/GRUENE_Florstadt-Conni-Kosch1_2000px-400x400.jpg 400w, https:\/\/gruene-florstadt.de\/wp-content\/uploads\/2021\/06\/GRUENE_Florstadt-Conni-Kosch1_2000px-150x150.jpg 150w, https:\/\/gruene-florstadt.de\/wp-content\/uploads\/2021\/06\/GRUENE_Florstadt-Conni-Kosch1_2000px-768x768.jpg 768w, https:\/\/gruene-florstadt.de\/wp-content\/uploads\/2021\/06\/GRUENE_Florstadt-Conni-Kosch1_2000px-1536x1536.jpg 1536w, https:\/\/gruene-florstadt.de\/wp-content\/uploads\/2021\/06\/GRUENE_Florstadt-Conni-Kosch1_2000px.jpg 2000w\" sizes=\"auto, (max-width: 800px) 100vw, 800px\" \/><\/figure>\n\n\n\n<p class=\"has-text-align-center has-medium-font-size\"><strong>Conni Kosch<\/strong><\/p>\n<\/div>\n\n\n\n<div class=\"wp-block-column is-layout-flow wp-block-column-is-layout-flow\">\n<figure class=\"wp-block-image size-large is-style-rounded\"><img loading=\"lazy\" decoding=\"async\" width=\"800\" height=\"800\" src=\"https:\/\/wp.gruene-florstadt.de\/wp-content\/uploads\/2021\/06\/GRUENE_Florstadt-Ina-Fuy1_2000-800x800.jpg\" alt=\"Ina Fuy; Ortsbeirat; Nieder-Florstadt\" class=\"wp-image-269\" srcset=\"https:\/\/gruene-florstadt.de\/wp-content\/uploads\/2021\/06\/GRUENE_Florstadt-Ina-Fuy1_2000-800x800.jpg 800w, https:\/\/gruene-florstadt.de\/wp-content\/uploads\/2021\/06\/GRUENE_Florstadt-Ina-Fuy1_2000-400x400.jpg 400w, https:\/\/gruene-florstadt.de\/wp-content\/uploads\/2021\/06\/GRUENE_Florstadt-Ina-Fuy1_2000-150x150.jpg 150w, https:\/\/gruene-florstadt.de\/wp-content\/uploads\/2021\/06\/GRUENE_Florstadt-Ina-Fuy1_2000-768x768.jpg 768w, https:\/\/gruene-florstadt.de\/wp-content\/uploads\/2021\/06\/GRUENE_Florstadt-Ina-Fuy1_2000-1536x1536.jpg 1536w, https:\/\/gruene-florstadt.de\/wp-content\/uploads\/2021\/06\/GRUENE_Florstadt-Ina-Fuy1_2000.jpg 2000w\" sizes=\"auto, (max-width: 800px) 100vw, 800px\" \/><\/figure>\n\n\n\n<p class=\"has-text-align-center has-medium-font-size\"><strong>Ina Fuy<\/strong><\/p>\n<\/div>\n\n\n\n<div class=\"wp-block-column is-layout-flow wp-block-column-is-layout-flow\"><\/div>\n<\/div>\n\n\n\n<p>In den insgesamt 9-k\u00f6pfigen Ortsbeirat von Nieder- und Ober-Florstadt sind bei der letzten Kommunalwahl im M\u00e4rz 2021 zwei Vertreter*innen der GR\u00dcNEN Liste gew\u00e4hlt worden.<\/p>\n\n\n\n<p><strong>Demokratie <\/strong>braucht dich \u2013 wir packen\u2019s an!<\/p>\n\n\n\n<p>Deine Stimme z\u00e4hlt: Mit offenen Sprechstunden, transparenten Planungen und echten Mitspracherechten gestalten wir Florstadt \u2013 gemeinsam und f\u00fcr alle!<\/p>\n\n\n\n<p><strong>Neue Stadtmitte \u2013 gemeinsam gestalten!<\/strong><\/p>\n\n\n\n<p>Der Messeplatz soll unser neues Herzst\u00fcck werden \u2013 mit deinen Ideen! Wie stellst du dir den perfekten Treffpunkt vor? Ob gem\u00fctliche Sitzpl\u00e4tze, gr\u00fcne R\u00fcckzugsorte oder ein lebendiger Marktplatz mit Caf\u00e9: Deine Meinung z\u00e4hlt! Komm ins Gespr\u00e4ch, bring dich ein und hilf mit, dass die Stadtmitte f\u00fcr alle ein Ort zum Wohlf\u00fchlen wird.&#8220;<\/p>\n\n\n\n<p><strong>Traditionen pflegen,<\/strong> neue Highlights schaffen und sichere Wege f\u00fcr alle \u2013 damit Florstadt lebenswert bleibt, heute und morgen.<\/p>\n\n\n\n<p>Dein Florstadt. Deine Ideen. Deine Wahl.<\/p>\n\n\n\n<p><\/p>\n","protected":false},"excerpt":{"rendered":"<p>An der Nidda gelegen wurde Nieder-Florstadt im Jahr 850 erstmals urkundlich erw\u00e4hnt und erhielt 1365 Stadtrechte. Bis 1960 verlegten die \u00fcberregional hoch angesehenen Florst\u00e4dter \u201ePl\u00e4sterer\u201c heimisches Kopfsteinpflaster weit \u00fcber Frankfurt&#8230; <\/p>\n","protected":false},"author":1,"featured_media":0,"parent":65,"menu_order":2,"comment_status":"closed","ping_status":"closed","template":"","meta":{"footnotes":""},"class_list":["post-486","page","type-page","status-publish","hentry"],"_links":{"self":[{"href":"https:\/\/gruene-florstadt.de\/index.php?rest_route=\/wp\/v2\/pages\/486","targetHints":{"allow":["GET"]}}],"collection":[{"href":"https:\/\/gruene-florstadt.de\/index.php?rest_route=\/wp\/v2\/pages"}],"about":[{"href":"https:\/\/gruene-florstadt.de\/index.php?rest_route=\/wp\/v2\/types\/page"}],"author":[{"embeddable":true,"href":"https:\/\/gruene-florstadt.de\/index.php?rest_route=\/wp\/v2\/users\/1"}],"replies":[{"embeddable":true,"href":"https:\/\/gruene-florstadt.de\/index.php?rest_route=%2Fwp%2Fv2%2Fcomments&post=486"}],"version-history":[{"count":15,"href":"https:\/\/gruene-florstadt.de\/index.php?rest_route=\/wp\/v2\/pages\/486\/revisions"}],"predecessor-version":[{"id":1122,"href":"https:\/\/gruene-florstadt.de\/index.php?rest_route=\/wp\/v2\/pages\/486\/revisions\/1122"}],"up":[{"embeddable":true,"href":"https:\/\/gruene-florstadt.de\/index.php?rest_route=\/wp\/v2\/pages\/65"}],"wp:attachment":[{"href":"https:\/\/gruene-florstadt.de\/index.php?rest_route=%2Fwp%2Fv2%2Fmedia&parent=486"}],"curies":[{"name":"wp","href":"https:\/\/api.w.org\/{rel}","templated":true}]}}