{"id":481,"date":"2021-06-29T22:53:47","date_gmt":"2021-06-29T20:53:47","guid":{"rendered":"https:\/\/wp.gruene-florstadt.de\/?page_id=481"},"modified":"2021-08-24T21:11:24","modified_gmt":"2021-08-24T19:11:24","slug":"ortsbeirat-nieder-mockstadt","status":"publish","type":"page","link":"https:\/\/gruene-florstadt.de\/?page_id=481","title":{"rendered":"Ortsbeirat Nieder-Mockstadt"},"content":{"rendered":"\n<div class=\"wp-block-image\"><figure class=\"alignleft size-large is-resized\"><img decoding=\"async\" src=\"https:\/\/wp.gruene-florstadt.de\/wp-content\/uploads\/2021\/07\/20210609_Foto-NiMo-Gudrun-800x450.jpg\" alt=\"\" class=\"wp-image-604\" width=\"700\" srcset=\"https:\/\/gruene-florstadt.de\/wp-content\/uploads\/2021\/07\/20210609_Foto-NiMo-Gudrun-800x450.jpg 800w, https:\/\/gruene-florstadt.de\/wp-content\/uploads\/2021\/07\/20210609_Foto-NiMo-Gudrun-400x225.jpg 400w, https:\/\/gruene-florstadt.de\/wp-content\/uploads\/2021\/07\/20210609_Foto-NiMo-Gudrun-768x432.jpg 768w, https:\/\/gruene-florstadt.de\/wp-content\/uploads\/2021\/07\/20210609_Foto-NiMo-Gudrun-1536x864.jpg 1536w, https:\/\/gruene-florstadt.de\/wp-content\/uploads\/2021\/07\/20210609_Foto-NiMo-Gudrun-2048x1152.jpg 2048w, https:\/\/gruene-florstadt.de\/wp-content\/uploads\/2021\/07\/20210609_Foto-NiMo-Gudrun-150x84.jpg 150w\" sizes=\"(max-width: 800px) 100vw, 800px\" \/><figcaption>Ortsansicht von S\u00fcdosten aus, links Gewerbehallen der DHL<\/figcaption><\/figure><\/div>\n\n\n\n<p><\/p>\n\n\n\n<p><\/p>\n\n\n\n<p><\/p>\n\n\n\n<p><\/p>\n\n\n\n<p><\/p>\n\n\n\n<p>Fundst\u00fccke aus fr\u00fcheren H\u00fcgelgr\u00e4bern belegen eine Besiedlung schon in der Jungsteinzeit (ca. 5000 vor Christus). Die bis ins 19. Jh. bis nach Frankfurt bekannten \u201eMuckschter Zwiwweln&#8220; wurden lange Zeit im gro\u00dfen Stil hier angebaut. Heute hat Nieder-Mockstadt durch seine Autobahnn\u00e4he ein gro\u00dfes Gewerbegebiet und ist mit 1460 Einwohnern der zweitgr\u00f6\u00dfte Ortsteil von Florstadt.<\/p>\n\n\n\n<div class=\"wp-block-columns is-layout-flex wp-container-core-columns-is-layout-9d6595d7 wp-block-columns-is-layout-flex\">\n<div class=\"wp-block-column is-layout-flow wp-block-column-is-layout-flow\">\n<figure class=\"wp-block-image size-large is-style-rounded\"><img loading=\"lazy\" decoding=\"async\" width=\"800\" height=\"800\" src=\"https:\/\/wp.gruene-florstadt.de\/wp-content\/uploads\/2021\/06\/GRUNE_Florstadt-Stephan-Mickel1-800x800.jpg\" alt=\"\" class=\"wp-image-277\" srcset=\"https:\/\/gruene-florstadt.de\/wp-content\/uploads\/2021\/06\/GRUNE_Florstadt-Stephan-Mickel1-800x800.jpg 800w, https:\/\/gruene-florstadt.de\/wp-content\/uploads\/2021\/06\/GRUNE_Florstadt-Stephan-Mickel1-400x400.jpg 400w, https:\/\/gruene-florstadt.de\/wp-content\/uploads\/2021\/06\/GRUNE_Florstadt-Stephan-Mickel1-150x150.jpg 150w, https:\/\/gruene-florstadt.de\/wp-content\/uploads\/2021\/06\/GRUNE_Florstadt-Stephan-Mickel1-768x768.jpg 768w, https:\/\/gruene-florstadt.de\/wp-content\/uploads\/2021\/06\/GRUNE_Florstadt-Stephan-Mickel1-1536x1536.jpg 1536w, https:\/\/gruene-florstadt.de\/wp-content\/uploads\/2021\/06\/GRUNE_Florstadt-Stephan-Mickel1-2048x2048.jpg 2048w\" sizes=\"auto, (max-width: 800px) 100vw, 800px\" \/><\/figure>\n\n\n\n<h4 class=\"has-text-align-center wp-block-heading\"><strong>Stephan Mickel<\/strong>, Ortsvorsteher<\/h4>\n\n\n\n<p><\/p>\n<\/div>\n\n\n\n<div class=\"wp-block-column is-layout-flow wp-block-column-is-layout-flow\">\n<figure class=\"wp-block-image size-large is-style-rounded\"><img loading=\"lazy\" decoding=\"async\" width=\"800\" height=\"800\" src=\"https:\/\/wp.gruene-florstadt.de\/wp-content\/uploads\/2021\/08\/Axel.png\" alt=\"\" class=\"wp-image-708\" srcset=\"https:\/\/gruene-florstadt.de\/wp-content\/uploads\/2021\/08\/Axel.png 800w, https:\/\/gruene-florstadt.de\/wp-content\/uploads\/2021\/08\/Axel-400x400.png 400w, https:\/\/gruene-florstadt.de\/wp-content\/uploads\/2021\/08\/Axel-150x150.png 150w, https:\/\/gruene-florstadt.de\/wp-content\/uploads\/2021\/08\/Axel-768x768.png 768w\" sizes=\"auto, (max-width: 800px) 100vw, 800px\" \/><\/figure>\n\n\n\n<h4 class=\"has-text-align-center wp-block-heading\"><strong>Axel Faber<\/strong>,<br>Schriftf\u00fchrer<\/h4>\n\n\n\n<p><\/p>\n<\/div>\n\n\n\n<div class=\"wp-block-column is-layout-flow wp-block-column-is-layout-flow\">\n<figure class=\"wp-block-image size-large is-style-rounded\"><img decoding=\"async\" src=\"https:\/\/wp.gruene-florstadt.de\/wp-content\/uploads\/2021\/06\/GRUNE_Florstadt-Didi-Schmidt1_2000px-800x800.jpg\" alt=\"\" class=\"wp-image-261\"\/><\/figure>\n\n\n\n<p class=\"has-text-align-center has-medium-font-size\"><strong>Dietmar Schmidt<\/strong>,<br>stellv. Ortsvorsteher<\/p>\n<\/div>\n<\/div>\n\n\n\n<div class=\"wp-block-columns is-layout-flex wp-container-core-columns-is-layout-9d6595d7 wp-block-columns-is-layout-flex\">\n<div class=\"wp-block-column is-layout-flow wp-block-column-is-layout-flow\">\n<figure class=\"wp-block-image size-large is-style-rounded\"><img loading=\"lazy\" decoding=\"async\" width=\"800\" height=\"800\" src=\"https:\/\/wp.gruene-florstadt.de\/wp-content\/uploads\/2021\/08\/Gundi.png\" alt=\"\" class=\"wp-image-709\" srcset=\"https:\/\/gruene-florstadt.de\/wp-content\/uploads\/2021\/08\/Gundi.png 800w, https:\/\/gruene-florstadt.de\/wp-content\/uploads\/2021\/08\/Gundi-400x400.png 400w, https:\/\/gruene-florstadt.de\/wp-content\/uploads\/2021\/08\/Gundi-150x150.png 150w, https:\/\/gruene-florstadt.de\/wp-content\/uploads\/2021\/08\/Gundi-768x768.png 768w\" sizes=\"auto, (max-width: 800px) 100vw, 800px\" \/><\/figure>\n\n\n\n<h4 class=\"has-text-align-center wp-block-heading\">Gunda Hofmann,<br>stellv. Schriftf\u00fchrerin<\/h4>\n<\/div>\n\n\n\n<div class=\"wp-block-column is-layout-flow wp-block-column-is-layout-flow\"><\/div>\n\n\n\n<div class=\"wp-block-column is-layout-flow wp-block-column-is-layout-flow\"><\/div>\n<\/div>\n\n\n\n<p>In den insgesamt 7-k\u00f6pfigen Ortsbeirat von Nieder-Mockstadt sind bei der letzten Kommunalwahl im M\u00e4rz 2021 vier Vertreter:innen der GR\u00dcNEN Liste gew\u00e4hlt worden. Mit Stephan Mickel stellen die GR\u00dcNEN den Ortsvorsteher.<\/p>\n\n\n\n<p>Die Nieder-Mockst\u00e4dter GR\u00dcNEN konnten ihre Pr\u00e4senz im Ortsbeirat von einem Sitz 2011 \u00fcber drei Sitze in 2016 auf nun vier Sitze in 2021 steigern. Mit Stephan Mickel stellen wir auch erstmals den Ortvorsteher. Auch alle anderen Posten (Dietmar Schmidt, stellvertretender Ortsvorsteher; Axel Faber, Schriftf\u00fchrer; Gunda Hofmann, stellvertretende Schriftf\u00fchrerin) konnten durch ein sensationelles Wahlergebnis von 54,64 % aller abgegebenen Stimmen besetzt werden. Wir engagierten uns in der Vergangenheit in der Umsetzung der IKEK-Projekte welche in Zusammenarbeit mit den Einwohner:innen identifiziert und priorisiert wurden. Insbesondere das Aufstellen einer Projektgruppe aus Mitb\u00fcrger:innen zur Gestaltung des Dorfplatzes &#8222;In der Ecke&#8220; ist hier hervorzuheben. Hier wurden uns k\u00fcrzlich die F\u00f6rdermittelbescheide \u00fcbergeben und wirgehen nun in die Umsetzungsphase.<\/p>\n\n\n\n<p>Weiterhin ist es uns gelungen, die Ortsvereine regelm\u00e4\u00dfig an einen Tisch zu bringen und gemeinsam die anstehenden Herausforderungen zu meistern. Dazu z\u00e4hlt u.a. das Wiederaufleben lassen des &#8222;Eckefest&#8220; auf dem oben genannten Dorfplatz, die Organisation eines j\u00e4hrlichen Weihnachtsmarktes und generell die gegenseitige Unterst\u00fctzung bei Vereinsfeiern und -festen. F\u00fcr die Zukunft haben wir uns vorgenommen, unsere Mitb\u00fcrger:innen noch enger in die Gestaltung unseres Dorfes einzubinden, ihre W\u00fcnsche und Anmerkungen schneller und transparenter in Richtung der Stadtverwaltung weiterzutragen und R\u00fcckmeldung zu geben. Angedacht sind weiterhin Anregungen aus dem Programm &#8222;DORFundDU&#8220; umzusetzen, die alte Grundschule zu einer Begegnungsst\u00e4tteum-zuwidmen, ein Repair-Cafe zu er\u00f6ffnen und durch Organisation von Infoveranstaltungen, Umweltthemen wie Photovoltaik, nachhaltige Waldbewirtschaftung und \u00f6kologische Landwirtschaft in den Fokus zu bringen. Daher planen wir auch, die solidarische Landwirtschaft zu einem Thema zu machen. Interessent:innen k\u00f6nnen sich gerne hierzu jetzt schon bei unserer Kontaktperson melden, um auf dem Laufenden zu bleiben.<\/p>\n\n\n\n<p><\/p>\n\n\n\n<p><\/p>\n\n\n\n<p><\/p>\n","protected":false},"excerpt":{"rendered":"<p>Fundst\u00fccke aus fr\u00fcheren H\u00fcgelgr\u00e4bern belegen eine Besiedlung schon in der Jungsteinzeit (ca. 5000 vor Christus). Die bis ins 19. Jh. bis nach Frankfurt bekannten \u201eMuckschter Zwiwweln&#8220; wurden lange Zeit im&#8230; <\/p>\n","protected":false},"author":1,"featured_media":0,"parent":65,"menu_order":2,"comment_status":"closed","ping_status":"closed","template":"","meta":{"footnotes":""},"class_list":["post-481","page","type-page","status-publish","hentry"],"_links":{"self":[{"href":"https:\/\/gruene-florstadt.de\/index.php?rest_route=\/wp\/v2\/pages\/481","targetHints":{"allow":["GET"]}}],"collection":[{"href":"https:\/\/gruene-florstadt.de\/index.php?rest_route=\/wp\/v2\/pages"}],"about":[{"href":"https:\/\/gruene-florstadt.de\/index.php?rest_route=\/wp\/v2\/types\/page"}],"author":[{"embeddable":true,"href":"https:\/\/gruene-florstadt.de\/index.php?rest_route=\/wp\/v2\/users\/1"}],"replies":[{"embeddable":true,"href":"https:\/\/gruene-florstadt.de\/index.php?rest_route=%2Fwp%2Fv2%2Fcomments&post=481"}],"version-history":[{"count":10,"href":"https:\/\/gruene-florstadt.de\/index.php?rest_route=\/wp\/v2\/pages\/481\/revisions"}],"predecessor-version":[{"id":1029,"href":"https:\/\/gruene-florstadt.de\/index.php?rest_route=\/wp\/v2\/pages\/481\/revisions\/1029"}],"up":[{"embeddable":true,"href":"https:\/\/gruene-florstadt.de\/index.php?rest_route=\/wp\/v2\/pages\/65"}],"wp:attachment":[{"href":"https:\/\/gruene-florstadt.de\/index.php?rest_route=%2Fwp%2Fv2%2Fmedia&parent=481"}],"curies":[{"name":"wp","href":"https:\/\/api.w.org\/{rel}","templated":true}]}}