{"id":2,"date":"2021-04-19T22:59:53","date_gmt":"2021-04-19T20:59:53","guid":{"rendered":"https:\/\/wp.gruene-florstadt.de\/?page_id=2"},"modified":"2026-03-01T17:35:47","modified_gmt":"2026-03-01T16:35:47","slug":"beispiel-seite","status":"publish","type":"page","link":"https:\/\/gruene-florstadt.de\/?page_id=2","title":{"rendered":"Kommunalwahl 2026"},"content":{"rendered":"\n<p>Wir GR\u00dcNEN in Florstadt setzen uns f\u00fcr eine Politik ein, die zuh\u00f6rt, sch\u00fctzt und verbindet.<br>Unser Ziel ist eine Stadt, in der sich Menschen gesehen f\u00fchlen, Natur ihren Platz hat und Zukunft mutig gestaltet wird. Konkret, verst\u00e4ndlich und mit Herz. <\/p>\n\n\n\n<h2 class=\"wp-block-heading\">Das wollen wir gemeinsam erreichen: <\/h2>\n\n\n\n<div class=\"wp-block-columns is-layout-flex wp-container-core-columns-is-layout-9d6595d7 wp-block-columns-is-layout-flex\">\n<div class=\"wp-block-column is-layout-flow wp-block-column-is-layout-flow\" style=\"flex-basis:66.66%\">\n<h3 class=\"wp-block-heading\"><strong>B\u00fcrgerbeteiligung st\u00e4rken<\/strong><\/h3>\n\n\n\n<p>Wir wollen, dass die Menschen in Florstadt<br>mitreden und mitgestalten k\u00f6nnen. Gute Entscheidungen entstehen, wenn Politik transparent ist und Erfahrungen vor Ort ernst genommen werden. <br><strong>Daf\u00fcr setzen wir uns ein:<\/strong><\/p>\n\n\n\n<ul class=\"wp-block-list\">\n<li>J\u00e4hrliche B\u00fcrgerversammlungen<\/li>\n\n\n\n<li>Regelm\u00e4\u00dfige, gut erreichbare Sprechstunden der Ortsbeir\u00e4te<\/li>\n\n\n\n<li>Mitsprache aller G\u00e4ste bei Ausschuss- und Ortsbeiratssitzungen<\/li>\n\n\n\n<li>Transparente und zeitgem\u00e4\u00dfe Informationen zu st\u00e4dtischen Projekten mit klaren Beteiligungsm\u00f6glichkeiten<\/li>\n<\/ul>\n<\/div>\n<\/div>\n\n\n\n<hr class=\"wp-block-separator has-css-opacity\"\/>\n\n\n\n<div class=\"wp-block-columns is-layout-flex wp-container-core-columns-is-layout-9d6595d7 wp-block-columns-is-layout-flex\">\n<div class=\"wp-block-column is-layout-flow wp-block-column-is-layout-flow\" style=\"flex-basis:66.66%\">\n<h3 class=\"wp-block-heading\"><strong>Natur sch\u00fctzen und bewahren<\/strong><\/h3>\n\n\n\n<p>Unsere Landschaft ist mehr als Kulisse. Sie ist Lebensraum f\u00fcr unsere V\u00f6gel, Schmetterlinge und Insekten, Erholungsort f\u00fcr Menschen und ein Schatz, den wir erhalten m\u00fcssen. <br><strong>Daf\u00fcr setzen wir uns ein: <\/strong><\/p>\n\n\n\n<ul class=\"wp-block-list\">\n<li>Wildblumenwiesen f\u00fcr Insekten und Artenvielfalt<\/li>\n\n\n\n<li>Abwechslungsreiche heimische Hecken<\/li>\n\n\n\n<li>Erhalt von Streuobstwiesen ohne zus\u00e4tzliche b\u00fcrokratische H\u00fcrden<\/li>\n\n\n\n<li>Erhalt von Wasservorkommen mit Trinkwasserqualit\u00e4t<\/li>\n<\/ul>\n<\/div>\n<\/div>\n\n\n\n<hr class=\"wp-block-separator has-css-opacity\"\/>\n\n\n\n<div class=\"wp-block-columns is-layout-flex wp-container-core-columns-is-layout-9d6595d7 wp-block-columns-is-layout-flex\">\n<div class=\"wp-block-column is-layout-flow wp-block-column-is-layout-flow\" style=\"flex-basis:66.66%\">\n<h3 class=\"wp-block-heading\"><strong>Florstadt lebenswert von Jung bis Alt<\/strong><\/h3>\n\n\n\n<p>Ein gutes Leben darf keine Frage des Alters oder des Geldbeutels sein. Wir wollen ein Florstadt, das Familien unterst\u00fctzt, Kinder st\u00e4rkt und \u00e4lteren Menschen Sicherheit und Teilhabe bietet. <br><strong>Daf\u00fcr setzen wir uns ein: <\/strong><\/p>\n\n\n\n<ul class=\"wp-block-list\">\n<li>Bedarfsgerechte und verl\u00e4ssliche Betreuungszeiten in den Kitas<\/li>\n\n\n\n<li>Entwicklung eines Waldkindergartens<\/li>\n\n\n\n<li>Verl\u00e4ssliche und planbare Ferienbetreuung f\u00fcr alle Schulkinder<\/li>\n\n\n\n<li>Kosteng\u00fcnstige Fahrten zu Florst\u00e4dter Einkaufsm\u00e4rkten<\/li>\n\n\n\n<li>Dorfautomaten zur Grundversorgung<\/li>\n\n\n\n<li>\u00c4rztehaus in Florstadt<\/li>\n\n\n\n<li>Bezahlbarer, seniorengerechter Wohnraum<\/li>\n<\/ul>\n<\/div>\n<\/div>\n\n\n\n<hr class=\"wp-block-separator has-css-opacity\"\/>\n\n\n\n<div class=\"wp-block-columns is-layout-flex wp-container-core-columns-is-layout-9d6595d7 wp-block-columns-is-layout-flex\">\n<div class=\"wp-block-column is-layout-flow wp-block-column-is-layout-flow\" style=\"flex-basis:66.66%\">\n<h3 class=\"wp-block-heading\"><strong>Lebendiges Miteinander<\/strong><\/h3>\n\n\n\n<p>Gemeinschaft entsteht dort, wo Menschen sich begegnen. Vereine, Feste und gemeinsame Orte sind das Herz unserer Stadt. <br><strong>Daf\u00fcr setzen wir uns ein:<\/strong><\/p>\n\n\n\n<ul class=\"wp-block-list\">\n<li>Gerechte Vereinsf\u00f6rderung<\/li>\n\n\n\n<li>Neugestaltung des Festplatzes in Nieder-Florstadt mit aktiver B\u00fcrgerbeteiligung<\/li>\n\n\n\n<li>Belebung des Wochenmarktes in Nieder-Florstadt (Getr\u00e4nke- und Snackangebot, Sitzgelegenheiten, Toiletten)<\/li>\n\n\n\n<li>Florstadt kulturell erhalten und ausbauen<\/li>\n<\/ul>\n<\/div>\n<\/div>\n\n\n\n<hr class=\"wp-block-separator has-css-opacity\"\/>\n\n\n\n<div class=\"wp-block-columns is-layout-flex wp-container-core-columns-is-layout-9d6595d7 wp-block-columns-is-layout-flex\">\n<div class=\"wp-block-column is-layout-flow wp-block-column-is-layout-flow\" style=\"flex-basis:66.66%\">\n<h3 class=\"wp-block-heading\"><strong>Sicher und nachhaltig unterwegs<\/strong><\/h3>\n\n\n\n<p>Wir wollen Mobilit\u00e4t, die allen gerecht wird. Sicher, barrierearm und klimafreundlich. In Florstadt sollen Kinder angstfrei unterwegs sein k\u00f6nnen und \u00e4ltere Menschen sich sicher im Alltag bewegen.<br><strong>Daf\u00fcr setzen wir uns ein:<\/strong><\/p>\n\n\n\n<ul class=\"wp-block-list\">\n<li>Sichere Wege und Querungen f\u00fcr Kinder, \u00e4ltere Menschen und Menschen mit Einschr\u00e4nkungen<\/li>\n\n\n\n<li>Flache Bordsteine an \u00dcberwegen f\u00fcr mehr Barrierefreiheit<\/li>\n\n\n\n<li>Geschwindigkeitsbegrenzungen durchsetzen<\/li>\n\n\n\n<li>Lades\u00e4ulen in allen Ortsteilen<\/li>\n\n\n\n<li>Fahrradinfrastruktur erhalten und verbessern<\/li>\n<\/ul>\n<\/div>\n<\/div>\n","protected":false},"excerpt":{"rendered":"<p>Wir GR\u00dcNEN in Florstadt setzen uns f\u00fcr eine Politik ein, die zuh\u00f6rt, sch\u00fctzt und verbindet.Unser Ziel ist eine Stadt, in der sich Menschen gesehen f\u00fchlen, Natur ihren Platz hat und&#8230; <\/p>\n","protected":false},"author":1,"featured_media":1207,"parent":0,"menu_order":0,"comment_status":"closed","ping_status":"closed","template":"","meta":{"footnotes":""},"class_list":["post-2","page","type-page","status-publish","has-post-thumbnail","hentry"],"_links":{"self":[{"href":"https:\/\/gruene-florstadt.de\/index.php?rest_route=\/wp\/v2\/pages\/2","targetHints":{"allow":["GET"]}}],"collection":[{"href":"https:\/\/gruene-florstadt.de\/index.php?rest_route=\/wp\/v2\/pages"}],"about":[{"href":"https:\/\/gruene-florstadt.de\/index.php?rest_route=\/wp\/v2\/types\/page"}],"author":[{"embeddable":true,"href":"https:\/\/gruene-florstadt.de\/index.php?rest_route=\/wp\/v2\/users\/1"}],"replies":[{"embeddable":true,"href":"https:\/\/gruene-florstadt.de\/index.php?rest_route=%2Fwp%2Fv2%2Fcomments&post=2"}],"version-history":[{"count":9,"href":"https:\/\/gruene-florstadt.de\/index.php?rest_route=\/wp\/v2\/pages\/2\/revisions"}],"predecessor-version":[{"id":1243,"href":"https:\/\/gruene-florstadt.de\/index.php?rest_route=\/wp\/v2\/pages\/2\/revisions\/1243"}],"wp:featuredmedia":[{"embeddable":true,"href":"https:\/\/gruene-florstadt.de\/index.php?rest_route=\/wp\/v2\/media\/1207"}],"wp:attachment":[{"href":"https:\/\/gruene-florstadt.de\/index.php?rest_route=%2Fwp%2Fv2%2Fmedia&parent=2"}],"curies":[{"name":"wp","href":"https:\/\/api.w.org\/{rel}","templated":true}]}}