{"id":1129,"date":"2026-03-01T17:33:51","date_gmt":"2026-03-01T16:33:51","guid":{"rendered":"https:\/\/gruene-florstadt.de\/?page_id=1129"},"modified":"2026-03-01T17:58:21","modified_gmt":"2026-03-01T16:58:21","slug":"unsere-kandidatinnen-fuer-florstadt-2026","status":"publish","type":"page","link":"https:\/\/gruene-florstadt.de\/?page_id=1129","title":{"rendered":"Unsere Kandidat*innen f\u00fcr Florstadt 2026"},"content":{"rendered":"\n<p><strong>f\u00fcr die Stadtverordnetenversammlung<\/strong>:<\/p>\n\n\n\n<div class=\"wp-block-columns is-layout-flex wp-container-core-columns-is-layout-9d6595d7 wp-block-columns-is-layout-flex\">\n<div class=\"wp-block-column is-layout-flow wp-block-column-is-layout-flow\" style=\"flex-basis:100%\">\n<div class=\"wp-block-media-text is-stacked-on-mobile\" style=\"grid-template-columns:34% auto\"><figure class=\"wp-block-media-text__media\"><img loading=\"lazy\" decoding=\"async\" width=\"800\" height=\"800\" src=\"https:\/\/gruene-florstadt.de\/wp-content\/uploads\/2021\/06\/GRUNE_Florstadt-Heidi-Bauer-Klar1_2000px-3-800x800.jpg\" alt=\"\" class=\"wp-image-273 size-full\" srcset=\"https:\/\/gruene-florstadt.de\/wp-content\/uploads\/2021\/06\/GRUNE_Florstadt-Heidi-Bauer-Klar1_2000px-3-800x800.jpg 800w, https:\/\/gruene-florstadt.de\/wp-content\/uploads\/2021\/06\/GRUNE_Florstadt-Heidi-Bauer-Klar1_2000px-3-400x400.jpg 400w, https:\/\/gruene-florstadt.de\/wp-content\/uploads\/2021\/06\/GRUNE_Florstadt-Heidi-Bauer-Klar1_2000px-3-150x150.jpg 150w, https:\/\/gruene-florstadt.de\/wp-content\/uploads\/2021\/06\/GRUNE_Florstadt-Heidi-Bauer-Klar1_2000px-3-768x768.jpg 768w, https:\/\/gruene-florstadt.de\/wp-content\/uploads\/2021\/06\/GRUNE_Florstadt-Heidi-Bauer-Klar1_2000px-3-1536x1536.jpg 1536w, https:\/\/gruene-florstadt.de\/wp-content\/uploads\/2021\/06\/GRUNE_Florstadt-Heidi-Bauer-Klar1_2000px-3.jpg 2000w\" sizes=\"auto, (max-width: 800px) 100vw, 800px\" \/><\/figure><div class=\"wp-block-media-text__content\">\n<p><em><br>&#8222;Ich kandidiere, weil ich an Entscheidungen f\u00fcr die Stadt Florstadt beteiligt sein m\u00f6chte. Es ist mir ein Bed\u00fcrfnis mit meinen Mitb\u00fcrgern im Gespr\u00e4ch zu bleiben, egal welche politische Einstellung sie haben. Au\u00dferdem m\u00f6chte ich mich f\u00fcr Verbesserungen in sozialen und kulturellen Belangen einsetzen.&#8220;<\/em><\/p>\n\n\n\n<p><strong>Heidi Bauer-Klar, Listenplatz 1<\/strong><\/p>\n<\/div><\/div>\n<\/div>\n<\/div>\n\n\n\n<p><\/p>\n\n\n\n<div class=\"wp-block-media-text is-stacked-on-mobile\" style=\"grid-template-columns:34% auto\"><figure class=\"wp-block-media-text__media\"><img loading=\"lazy\" decoding=\"async\" width=\"800\" height=\"800\" src=\"https:\/\/gruene-florstadt.de\/wp-content\/uploads\/2021\/06\/GRUNE_Florstadt-Didi-Schmidt1_2000px-1-800x800.jpg\" alt=\"\" class=\"wp-image-276 size-full\" srcset=\"https:\/\/gruene-florstadt.de\/wp-content\/uploads\/2021\/06\/GRUNE_Florstadt-Didi-Schmidt1_2000px-1-800x800.jpg 800w, https:\/\/gruene-florstadt.de\/wp-content\/uploads\/2021\/06\/GRUNE_Florstadt-Didi-Schmidt1_2000px-1-400x400.jpg 400w, https:\/\/gruene-florstadt.de\/wp-content\/uploads\/2021\/06\/GRUNE_Florstadt-Didi-Schmidt1_2000px-1-150x150.jpg 150w, https:\/\/gruene-florstadt.de\/wp-content\/uploads\/2021\/06\/GRUNE_Florstadt-Didi-Schmidt1_2000px-1-768x768.jpg 768w, https:\/\/gruene-florstadt.de\/wp-content\/uploads\/2021\/06\/GRUNE_Florstadt-Didi-Schmidt1_2000px-1-1536x1536.jpg 1536w, https:\/\/gruene-florstadt.de\/wp-content\/uploads\/2021\/06\/GRUNE_Florstadt-Didi-Schmidt1_2000px-1.jpg 2000w\" sizes=\"auto, (max-width: 800px) 100vw, 800px\" \/><\/figure><div class=\"wp-block-media-text__content\">\n<p><em>&#8222;W\u00e4hle als g\u00e4b\u2019 s ein Morgen. Diese Botschaft habe ich auf einem Wahlplakat bei einer Radreise in \u00d6sterreich gesehen. Daf\u00fcr engagiere ich mich seit 10 Jahren in den Gremien der Stadt. Auch die n\u00e4chsten Generationen sollen unsere sch\u00f6ne Heimat erleben d\u00fcrfen. Die Senioren d\u00fcrfen wir dabei nat\u00fcrlich nicht vergessen.&#8220;<\/em><\/p>\n\n\n\n<p><strong>Dietmar Schmidt, Listenplatz 2<\/strong><\/p>\n<\/div><\/div>\n\n\n\n<p><\/p>\n\n\n\n<div class=\"wp-block-media-text is-stacked-on-mobile\" style=\"grid-template-columns:34% auto\"><figure class=\"wp-block-media-text__media\"><img loading=\"lazy\" decoding=\"async\" width=\"1954\" height=\"2000\" src=\"https:\/\/gruene-florstadt.de\/wp-content\/uploads\/2026\/02\/Bettina-Belz-quadrat.jpg\" alt=\"\" class=\"wp-image-1217 size-full\"\/><\/figure><div class=\"wp-block-media-text__content\">\n<p><em>&#8222;Als Kandidatin setze ich mich f\u00fcr echte B\u00fcrgerbeteiligung in Planungsprozessen ein \u2013 denn die besten Ideen entstehen dort, wo Menschen mitreden und mitgestalten. Gleichzeitig st\u00e4rke ich das Ehrenamt vor Ort, denn Engagement ist das Herzst\u00fcck unserer Gemeinschaft. Lasst uns gemeinsam unsere Stadt lebenswerter machen!&#8220;<\/em><\/p>\n\n\n\n<p><strong>Bettina Belz, Listenplatz 3<\/strong><\/p>\n<\/div><\/div>\n\n\n\n<p><\/p>\n\n\n\n<div class=\"wp-block-columns is-layout-flex wp-container-core-columns-is-layout-9d6595d7 wp-block-columns-is-layout-flex\">\n<div class=\"wp-block-column is-layout-flow wp-block-column-is-layout-flow\">\n<div class=\"wp-block-media-text is-stacked-on-mobile\" style=\"grid-template-columns:34% auto\"><figure class=\"wp-block-media-text__media\"><img loading=\"lazy\" decoding=\"async\" width=\"1707\" height=\"2560\" src=\"https:\/\/gruene-florstadt.de\/wp-content\/uploads\/2026\/02\/STV-Florstadt_Thorsten-2025-Platz-4.jpeg\" alt=\"\" class=\"wp-image-1083 size-full\"\/><\/figure><div class=\"wp-block-media-text__content\">\n<p>&#8222;<em>Ich bewerbe mich, um unsere Stadt nachhaltig, sozial gerecht und zukunftsf\u00e4hig weiterzuentwickeln \u2013 gemeinsam im Dialog statt im Gegeneinander!&#8220;<\/em><\/p>\n\n\n\n<p><strong>Thorsten Siegener<\/strong>, Listenplatz 4<\/p>\n<\/div><\/div>\n<\/div>\n<\/div>\n\n\n\n<p><\/p>\n\n\n\n<div class=\"wp-block-columns is-layout-flex wp-container-core-columns-is-layout-9d6595d7 wp-block-columns-is-layout-flex\">\n<div class=\"wp-block-column is-layout-flow wp-block-column-is-layout-flow\"><\/div>\n<\/div>\n\n\n\n<div class=\"wp-block-media-text is-stacked-on-mobile\" style=\"grid-template-columns:34% auto\"><figure class=\"wp-block-media-text__media\"><img loading=\"lazy\" decoding=\"async\" width=\"1707\" height=\"2560\" src=\"https:\/\/gruene-florstadt.de\/wp-content\/uploads\/2026\/02\/Florstadt_Anja-2025-Platz-5.jpg\" alt=\"\" class=\"wp-image-1071 size-full\"\/><\/figure><div class=\"wp-block-media-text__content\">\n<p><em>&#8222;Ich arbeite als Umweltwissenschaftlerin in der Unternehmensberatung und bin seit 2019 Florst\u00e4dterin. Ich bin meistens mit dem Fahrrad unterwegs und oft mit Menschen im Gespr\u00e4ch. Nachhaltigkeit im Alltag ist mir wichtig, damit f\u00fcr meine und genauso f\u00fcr andere Kinder das Leben auf unserem Planeten lebenswert bleibt.&#8220;<\/em><\/p>\n\n\n\n<p><strong>Anja Dombrowsky, Listenplatz 5<\/strong><\/p>\n<\/div><\/div>\n\n\n\n<div class=\"wp-block-columns is-layout-flex wp-container-core-columns-is-layout-9d6595d7 wp-block-columns-is-layout-flex\">\n<div class=\"wp-block-column is-layout-flow wp-block-column-is-layout-flow\">\n<p><\/p>\n<\/div>\n\n\n\n<div class=\"wp-block-column is-layout-flow wp-block-column-is-layout-flow\"><\/div>\n<\/div>\n\n\n\n<div class=\"wp-block-media-text is-stacked-on-mobile\" style=\"grid-template-columns:34% auto\"><figure class=\"wp-block-media-text__media\"><img loading=\"lazy\" decoding=\"async\" width=\"1707\" height=\"2560\" src=\"https:\/\/gruene-florstadt.de\/wp-content\/uploads\/2026\/02\/Florstadt_Axel-2025-Platz-6.jpg\" alt=\"\" class=\"wp-image-1072 size-full\"\/><\/figure><div class=\"wp-block-media-text__content\">\n<p><em>&#8222;Ich bin Mitarbeiter der Commerzbank &amp; leidenschaftlicher Nieder-Mockst\u00e4dter. Mein Ziel: Eine lebenswerte Zukunft f\u00fcr kommende Generationen durch innovative L\u00f6sungen vor Ort. Daf\u00fcr engagiere ich mich aktiv im Ortsbeirat Nieder-Mockstadt sowie in der Stadtverordnetenversammlung.&#8220;<\/em><\/p>\n\n\n\n<p><strong>Axel Faber, Listenplatz 6<\/strong><\/p>\n<\/div><\/div>\n\n\n\n<p><\/p>\n\n\n\n<div class=\"wp-block-media-text is-stacked-on-mobile\" style=\"grid-template-columns:34% auto\"><figure class=\"wp-block-media-text__media\"><img loading=\"lazy\" decoding=\"async\" width=\"1707\" height=\"2560\" src=\"https:\/\/gruene-florstadt.de\/wp-content\/uploads\/2026\/02\/Florstadt_Conny-2025-Platz-7.jpg\" alt=\"\" class=\"wp-image-1073 size-full\"\/><\/figure><div class=\"wp-block-media-text__content\">\n<p><em>&#8222;Seit f\u00fcnf Jahren setze ich mich im Ortsbeirat und in Agenda-Gruppen f\u00fcr lebendige Begegnungsorte und ein Florstadt ein, in dem Natur und Gemeinschaft im Mittelpunkt stehen. Besonders am Herzen liegt mir die \u201aNeue Mitte Nieder-Florstadt\u2018. Mein Ziel: Ihre Ansprechpartnerin sein, Ihre Ideen aufgreifen und gemeinsam ein soziales, gr\u00fcnes Florstadt gestalten.&#8220;<\/em><\/p>\n\n\n\n<p><strong>Conni Kosch, Listenplatz 7<\/strong><\/p>\n<\/div><\/div>\n\n\n\n<p><\/p>\n\n\n\n<div class=\"wp-block-media-text is-stacked-on-mobile\" style=\"grid-template-columns:34% auto\"><figure class=\"wp-block-media-text__media\"><img loading=\"lazy\" decoding=\"async\" width=\"1707\" height=\"2560\" src=\"https:\/\/gruene-florstadt.de\/wp-content\/uploads\/2026\/02\/Florstadt_Alejandro-2025-Platz-8.jpeg\" alt=\"\" class=\"wp-image-1070 size-full\"\/><\/figure><div class=\"wp-block-media-text__content\">\n<p><em>&#8222;Als geb\u00fcrtiger Argentinier, heute in der Wetterau beheimatet, setze ich mich f\u00fcr<\/em> <em>eine soziale und nachhaltige Gemeinde ein, in der alle Generationen auf dem Land zusammenfinden und f\u00fcr eine lebenswerte Zukunft eintreten.&#8220;<\/em><\/p>\n\n\n\n<p><strong>Alejandro Garcia, Listenplatz 8<\/strong><\/p>\n<\/div><\/div>\n\n\n\n<p><\/p>\n\n\n\n<div class=\"wp-block-media-text is-stacked-on-mobile\" style=\"grid-template-columns:34% auto\"><figure class=\"wp-block-media-text__media\"><img loading=\"lazy\" decoding=\"async\" width=\"1707\" height=\"2560\" src=\"https:\/\/gruene-florstadt.de\/wp-content\/uploads\/2026\/02\/Florstadt_Elisa-2025-Platz-9.jpg\" alt=\"\" class=\"wp-image-1075 size-full\"\/><\/figure><div class=\"wp-block-media-text__content\">\n<p><br><\/p>\n\n\n\n<p><em>&#8222;Ich stehe f\u00fcr transparente Entscheidungen und Zusammenarbeit statt Parteidenken. F\u00fcr Florstadt hei\u00dft das: lebendige Ortsmitten st\u00e4rken, Leerstand beleben statt neue Baugebiete auf der gr\u00fcnen Wiese und die Menschen fr\u00fchzeitig beteiligen. Natur und Lebensqualit\u00e4t hier vor Ort zu erhalten ist f\u00fcr mich Verantwortung f\u00fcr heute und morgen.&#8220;<\/em><\/p>\n\n\n\n<p><strong>Elisa Naderi, Listenplatz 9<\/strong><\/p>\n<\/div><\/div>\n\n\n\n<p><\/p>\n\n\n\n<div class=\"wp-block-media-text is-stacked-on-mobile\" style=\"grid-template-columns:34% auto\"><figure class=\"wp-block-media-text__media\"><img loading=\"lazy\" decoding=\"async\" width=\"1707\" height=\"2560\" src=\"https:\/\/gruene-florstadt.de\/wp-content\/uploads\/2026\/02\/Florstadt_Leon-2025-Platz-10.jpg\" alt=\"\" class=\"wp-image-1077 size-full\"\/><\/figure><div class=\"wp-block-media-text__content\">\n<p><em>&#8222;Ich m\u00f6chte mich f\u00fcr ein lebenswertes, offenes und buntes Florstadt einsetzen &#8211; einen Ort, an dem sich alle wohlf\u00fchlen k\u00f6nnen und respektvoll zusammenleben. Mir ist wichtig, nach vorne zu schauen und Herausforderungen als Chancen zu begreifen. Aus \u00dcberzeugung f\u00fcr unsere Grundwerte setze ich mich f\u00fcr ein starkes demokratisches Miteinander ein &#8211; auf unsere Geschichte blickend m\u00fcssen wir lernen: Radikales sowie fremden- und minderheitenfeindliches Denken gef\u00e4hrdet unser Zusammenleben.&#8220;<\/em><\/p>\n\n\n\n<p><strong>Leon Klauer, Listenplatz 10<\/strong><\/p>\n<\/div><\/div>\n\n\n\n<p><\/p>\n\n\n\n<div class=\"wp-block-media-text is-stacked-on-mobile\" style=\"grid-template-columns:34% auto\"><figure class=\"wp-block-media-text__media\"><img loading=\"lazy\" decoding=\"async\" width=\"1707\" height=\"2560\" src=\"https:\/\/gruene-florstadt.de\/wp-content\/uploads\/2026\/02\/FlorstadtOB_Monika-2025-Platz-8.jpg\" alt=\"\" class=\"wp-image-1069 size-full\"\/><\/figure><div class=\"wp-block-media-text__content\">\n<p><em>&#8222;Als lange im Umweltschutz Engagierte, m\u00f6chte ich mich vor allem f\u00fcr Klimaschutz, mehr Gr\u00fcn und sorgf\u00e4ltigen Umgang mit dem Wasser einsetzen. Als Historikerin besch\u00e4ftige ich mich mit Lokalgeschichte und setze mich f\u00fcr Demokratie und gegen autorit\u00e4re und rassistische Tendenzen ein.&#8220;<\/em><\/p>\n\n\n\n<p><strong>Dr. Monika Rhein, Listenplatz 11<\/strong><\/p>\n<\/div><\/div>\n\n\n\n<p><\/p>\n\n\n\n<div class=\"wp-block-media-text is-stacked-on-mobile\" style=\"grid-template-columns:34% auto\"><figure class=\"wp-block-media-text__media\"><img loading=\"lazy\" decoding=\"async\" width=\"1707\" height=\"2560\" src=\"https:\/\/gruene-florstadt.de\/wp-content\/uploads\/2026\/02\/FlorstadtOB_Martin-Platz-6.jpg\" alt=\"\" class=\"wp-image-1068 size-full\"\/><\/figure><div class=\"wp-block-media-text__content\">\n<p><\/p>\n\n\n\n<p><\/p>\n\n\n\n<p><\/p>\n\n\n\n<p><\/p>\n\n\n\n<p><\/p>\n\n\n\n<p><strong>Martin Schrenk, Listenplatz 12<\/strong><\/p>\n<\/div><\/div>\n\n\n\n<p><\/p>\n\n\n\n<div class=\"wp-block-media-text is-stacked-on-mobile\" style=\"grid-template-columns:34% auto\"><figure class=\"wp-block-media-text__media\"><img loading=\"lazy\" decoding=\"async\" width=\"800\" height=\"800\" src=\"https:\/\/gruene-florstadt.de\/wp-content\/uploads\/2021\/06\/GRUNE_Florstadt-Gudrun-Neher-01_2000px-800x800.jpg\" alt=\"\" class=\"wp-image-271 size-full\" srcset=\"https:\/\/gruene-florstadt.de\/wp-content\/uploads\/2021\/06\/GRUNE_Florstadt-Gudrun-Neher-01_2000px-800x800.jpg 800w, https:\/\/gruene-florstadt.de\/wp-content\/uploads\/2021\/06\/GRUNE_Florstadt-Gudrun-Neher-01_2000px-400x400.jpg 400w, https:\/\/gruene-florstadt.de\/wp-content\/uploads\/2021\/06\/GRUNE_Florstadt-Gudrun-Neher-01_2000px-150x150.jpg 150w, https:\/\/gruene-florstadt.de\/wp-content\/uploads\/2021\/06\/GRUNE_Florstadt-Gudrun-Neher-01_2000px-768x768.jpg 768w, https:\/\/gruene-florstadt.de\/wp-content\/uploads\/2021\/06\/GRUNE_Florstadt-Gudrun-Neher-01_2000px-1536x1536.jpg 1536w, https:\/\/gruene-florstadt.de\/wp-content\/uploads\/2021\/06\/GRUNE_Florstadt-Gudrun-Neher-01_2000px.jpg 2000w\" sizes=\"auto, (max-width: 800px) 100vw, 800px\" \/><\/figure><div class=\"wp-block-media-text__content\">\n<p><em>&#8222;Als P\u00e4dagogin und Sportlehrerin engagiere ich mich gerne ehrenamtlich, sowohl in Vereinen, Agenda-Gruppen oder im Stadtparlament f\u00fcr eine lebenswertes Florstadt. Ich bin bei den GR\u00dcNEN, weil ich dazu beitragen m\u00f6chte, dass unser Planet uns Menschen auch noch in 100 Jahren Heimat und Lebensraum bietet.&#8220;<\/em><\/p>\n\n\n\n<p><strong>Gudrun Neher, Listenplatz 13<\/strong><\/p>\n<\/div><\/div>\n\n\n\n<p><\/p>\n\n\n\n<p><br><strong>Friedrich Lange, Listenplatz 14<\/strong><\/p>\n\n\n\n<p><strong>Katrin Knoll, Listenplatz 15<\/strong>: <em>&#8222;Beruflich seit vielen Jahren verantwortlich f\u00fcr Prozesse und Qualit\u00e4t, m\u00f6chte ich diese Erfahrung nun f\u00fcr meine Heimat einbringen. Mir sind Verl\u00e4sslichkeit, Umweltschutz und gute L\u00f6sungen f\u00fcr die Menschen vor Ort wichtig. Als Mutter w\u00fcnsche ich mir, dass unsere Gemeinde auch f\u00fcr kommende Generationen lebenswert bleibt.&#8220;<\/em> <\/p>\n\n\n\n<p><strong>Fredo Franke, Listenplatz 16<\/strong><\/p>\n\n\n\n<p><strong>Johanna Lang, Listenplatz 17<\/strong><\/p>\n\n\n\n<p><strong>Ulla M\u00fcller, Listenplatz 18<\/strong><\/p>\n\n\n\n<p><em><strong>Simona Hirsch, Listenplatz 19<\/strong><\/em>: <em>Einfach immer weiter so, funktioniert nicht. Deshalb will ich mich als geb\u00fcrtige Florst\u00e4dterin und Betriebswirtin f\u00fcr eine umweltbewusste, finanzierbare Politik in Florstadt einsetzen:\u00a0 u. a. die zukunftsorientierte Planung von Neubaugebieten und Verkehrswegen sowie der Erhalt der uns umgebenden Natur.&#8220;<\/em> <\/p>\n\n\n\n<p><strong>Michael Fischer, Listenplatz 20<\/strong><\/p>\n\n\n\n<p><em><strong>Annette Birk, Listenplatz 21<\/strong><\/em>: <em>&#8222;Als Grundschullehrerin mit Auslandserfahrung setze ich mich als Parteiunabh\u00e4ngige auf der Gr\u00fcnen-Liste f\u00fcr soziale Gerechtigkeit und zuverl\u00e4ssige Kinderbetreuung ein.&#8220;<\/em> <\/p>\n\n\n\n<p><strong>Elvira Landsee, Listenplatz 22<\/strong><\/p>\n\n\n\n<p><strong>Ina Freisleben, Listenplatz 23<\/strong><\/p>\n\n\n\n<p><strong>Dr. Ina Neher, Listenplatz 24<\/strong>: <em>&#8222;Als Strommarktanalystin und dreifache Mutter sind meine Kernthemen g\u00fcnstige Energie f\u00fcr alle und ausreichend Betreuung f\u00fcr Kita- und Schulkinder in Florstadt und im gesamten Wetteraukreis.&#8220;<\/em> <\/p>\n\n\n\n<p><strong>Birgit Kimling, Listenplatz 25<\/strong><\/p>\n\n\n\n<p><strong>Gerhard Salz, Listenplatz 26<\/strong>: <em>&#8222;Ich setze mich als Parteiloser gerne gemeinsam mit allen Besitzerinnen und Besitzern von Streuobstwiesen gegen die G\u00e4ngelung durch die Untere Naturschutzbeh\u00f6rde ein. Ich berate auch Betroffene bei Beh\u00f6rdenproblemen.&#8220;<\/em> <\/p>\n\n\n\n<p><\/p>\n\n\n\n<p><strong>f\u00fcr den Ortsbeirat Nieder-\/Ober-Florstadt<\/strong>:<\/p>\n\n\n\n<p>Bettina Belz, Listenplatz 1<\/p>\n\n\n\n<p>Robert Werres, Listenplatz 2<\/p>\n\n\n\n<p>Conni Kosch, Listenplatz 3<\/p>\n\n\n\n<p>Anja Dombrowsky, Listenplatz 4<\/p>\n\n\n\n<p>Simona Hirsch, Listenplatz 5<\/p>\n\n\n\n<p>Martin Schrenk, Listenplatz 6<\/p>\n\n\n\n<p>Ina Freisleben, Listenplatz 7<\/p>\n\n\n\n<p>Dr. Monika Rhein, Listenplatz 8<\/p>\n\n\n\n<p>Brigitte Barth, Listenplatz 9<\/p>\n\n\n\n<p><strong>f\u00fcr den Ortsbeirat Stammheim:<\/strong><\/p>\n\n\n\n<p>Heidi Bauer-Klar, Listenplatz 1<\/p>\n\n\n\n<p>Thorsten Siegener, Listenplatz 2<\/p>\n\n\n\n<p>Johanna Lang, Listenplatz 3<\/p>\n\n\n\n<p>Gerhard Salz, Listenplatz 4<\/p>\n\n\n\n<p>Elisa Naderi, Listenplatz 5<\/p>\n\n\n\n<p>Ulla, Listenplatz 6<\/p>\n\n\n\n<p>Gudrun Neher, Listenplatz 7<\/p>\n\n\n\n<p><strong>f\u00fcr den Ortsbeirat Staden:<\/strong><\/p>\n\n\n\n<p>Leon Klauer, Listenplatz 1<\/p>\n\n\n\n<p>Anika K\u00f6nig, Listenplatz 2<\/p>\n\n\n\n<p><strong>f\u00fcr den Ortsbeirat Leidhecken:<\/strong><\/p>\n\n\n\n<p>Philipp Raithel, Listenplatz 1<\/p>\n\n\n\n<p>Alejandro Garcia, Listenplatz 2<\/p>\n\n\n\n<p><\/p>\n\n\n\n<p><\/p>\n\n\n\n<p><\/p>\n\n\n\n<p><\/p>\n","protected":false},"excerpt":{"rendered":"<p>f\u00fcr die Stadtverordnetenversammlung: &#8222;Ich kandidiere, weil ich an Entscheidungen f\u00fcr die Stadt Florstadt beteiligt sein m\u00f6chte. Es ist mir ein Bed\u00fcrfnis mit meinen Mitb\u00fcrgern im Gespr\u00e4ch zu bleiben, egal welche&#8230; <\/p>\n","protected":false},"author":1,"featured_media":0,"parent":2,"menu_order":0,"comment_status":"closed","ping_status":"closed","template":"","meta":{"footnotes":""},"class_list":["post-1129","page","type-page","status-publish","hentry"],"_links":{"self":[{"href":"https:\/\/gruene-florstadt.de\/index.php?rest_route=\/wp\/v2\/pages\/1129","targetHints":{"allow":["GET"]}}],"collection":[{"href":"https:\/\/gruene-florstadt.de\/index.php?rest_route=\/wp\/v2\/pages"}],"about":[{"href":"https:\/\/gruene-florstadt.de\/index.php?rest_route=\/wp\/v2\/types\/page"}],"author":[{"embeddable":true,"href":"https:\/\/gruene-florstadt.de\/index.php?rest_route=\/wp\/v2\/users\/1"}],"replies":[{"embeddable":true,"href":"https:\/\/gruene-florstadt.de\/index.php?rest_route=%2Fwp%2Fv2%2Fcomments&post=1129"}],"version-history":[{"count":55,"href":"https:\/\/gruene-florstadt.de\/index.php?rest_route=\/wp\/v2\/pages\/1129\/revisions"}],"predecessor-version":[{"id":1242,"href":"https:\/\/gruene-florstadt.de\/index.php?rest_route=\/wp\/v2\/pages\/1129\/revisions\/1242"}],"up":[{"embeddable":true,"href":"https:\/\/gruene-florstadt.de\/index.php?rest_route=\/wp\/v2\/pages\/2"}],"wp:attachment":[{"href":"https:\/\/gruene-florstadt.de\/index.php?rest_route=%2Fwp%2Fv2%2Fmedia&parent=1129"}],"curies":[{"name":"wp","href":"https:\/\/api.w.org\/{rel}","templated":true}]}}